{"id":529,"date":"2024-11-26T15:29:56","date_gmt":"2024-11-26T15:29:56","guid":{"rendered":"https:\/\/new.immostudi.com\/santa-margarita\/"},"modified":"2025-01-13T16:42:02","modified_gmt":"2025-01-13T16:42:02","slug":"santa-margarita","status":"publish","type":"page","link":"https:\/\/immostudi.com\/fr\/santa-margarita\/","title":{"rendered":"Santa Margarita"},"content":{"rendered":"<p>[et_pb_section fb_built=\u00a0\u00bb1&Prime; admin_label=\u00a0\u00bbHeader\u00a0\u00bb _builder_version=\u00a0\u00bb4.25.2&Prime; _module_preset=\u00a0\u00bbdefault\u00a0\u00bb background_enable_color=\u00a0\u00bboff\u00a0\u00bb locked=\u00a0\u00bboff\u00a0\u00bb global_colors_info=\u00a0\u00bb{%22gcid-b6c4f12c-f25d-4f61-9fb1-6e96404634cd%22:%91%22background_color%22%93}\u00a0\u00bb][et_pb_row _builder_version=\u00a0\u00bb4.26.0&Prime; _module_preset=\u00a0\u00bb1558413a-cabc-43ae-aee1-915e11673859&Prime; global_colors_info=\u00a0\u00bb{}\u00a0\u00bb][et_pb_column type=\u00a0\u00bb4_4&Prime; _builder_version=\u00a0\u00bb4.25.2&Prime; _module_preset=\u00a0\u00bbdefault\u00a0\u00bb global_colors_info=\u00a0\u00bb{}\u00a0\u00bb][et_pb_heading title=\u00a0\u00bbSanta Margarita\u00a0\u00bb _builder_version=\u00a0\u00bb4.27.3&Prime; _module_preset=\u00a0\u00bb119be2d5-1767-41cf-b4e2-2f68ae14059b\u00a0\u00bb title_text_color=\u00a0\u00bbgcid-secondary-color\u00a0\u00bb global_colors_info=\u00a0\u00bb{%22gcid-secondary-color%22:%91%22title_text_color%22%93}\u00a0\u00bb][\/et_pb_heading][et_pb_heading title=\u00a0\u00bb  Plages, canaux et plaisir pour tous\u00a0\u00bb _builder_version=\u00a0\u00bb4.27.3&Prime; _module_preset=\u00a0\u00bb90e142ce-bc18-4c52-8803-8f57fece6c4f\u00a0\u00bb custom_margin=\u00a0\u00bb||10px||false|false\u00a0\u00bb global_colors_info=\u00a0\u00bb{}\u00a0\u00bb][\/et_pb_heading][\/et_pb_column][\/et_pb_row][et_pb_row column_structure=\u00a0\u00bb3_5,2_5&Prime; _builder_version=\u00a0\u00bb4.27.3&Prime; _module_preset=\u00a0\u00bb1558413a-cabc-43ae-aee1-915e11673859&Prime; global_colors_info=\u00a0\u00bb{}\u00a0\u00bb][et_pb_column type=\u00a0\u00bb3_5&Prime; _builder_version=\u00a0\u00bb4.25.2&Prime; _module_preset=\u00a0\u00bbdefault\u00a0\u00bb global_colors_info=\u00a0\u00bb{}\u00a0\u00bb][et_pb_text _builder_version=\u00a0\u00bb4.27.3&Prime; _module_preset=\u00a0\u00bbbdb43048-1d93-4e2d-9aec-4a1d8af54ddc\u00a0\u00bb global_colors_info=\u00a0\u00bb{}\u00a0\u00bb]<\/p>\n<p><strong>Santa Margarita<\/strong> s&rsquo;\u00e9tend de la <strong>plage de Salatar<\/strong> \u00e0 l&#8217;embouchure du port de plaisance r\u00e9sidentiel de <strong>Santa Margarida<\/strong>.<br \/>\nCette destination se distingue par sa <strong>longue et large plage d&rsquo;<\/strong>environ <strong>650 m\u00e8tres de<\/strong> long, au <strong>sable fin et dor\u00e9<\/strong> et aux <strong>eaux propres et peu profondes<\/strong>, id\u00e9ale pour toute la famille. <\/p>\n<p>La plage attire un grand nombre de <strong>vacanciers \u00e9trangers<\/strong>, dont beaucoup ont choisi d&rsquo;en faire leur <strong>r\u00e9sidence secondaire<\/strong>.<\/p>\n<p>&nbsp;<\/p>\n<h3>Une urbanisation de premier ordre : Santa Margarita<\/h3>\n<p>L&rsquo;urbanisation de <strong>Santa Margarita<\/strong> est l&rsquo;un des <strong>centres touristiques les plus remarquables<\/strong> de la r\u00e9gion.<br \/>\nCette enclave offre : <\/p>\n<ul>\n<li>Un <strong>port de plaisance r\u00e9sidentiel<\/strong> avec plus de <strong>16 km de canaux navigables<\/strong>, unique en son genre.<\/li>\n<li>Une offre d&rsquo;<strong>h\u00e9bergement<\/strong> imbattable : h\u00f4tels, campings et appartements pour tous les go\u00fbts.<\/li>\n<li>Une offre <strong>gastronomique, commerciale et de loisirs<\/strong> vari\u00e9e, id\u00e9ale pour profiter du jour comme de la nuit.<\/li>\n<li>Une <strong>vie nocturne<\/strong> anim\u00e9e, avec des options pour ceux qui recherchent des divertissements tard dans la nuit.<\/li>\n<\/ul>\n<p>[\/et_pb_text][et_pb_button button_text=\u00a0\u00bbvoir tous les biens\u00a0\u00bb _builder_version=\u00a0\u00bb4.27.3&Prime; _module_preset=\u00a0\u00bb4ee62d4e-7779-49dc-a319-a6aaae07e4a8&Prime; hover_enabled=\u00a0\u00bb0&Prime; global_colors_info=\u00a0\u00bb{}\u00a0\u00bb button_url=\u00a0\u00bb@ET-DC@eyJkeW5hbWljIjp0cnVlLCJjb250ZW50IjoicG9zdF9saW5rX3VybF9wYWdlIiwic2V0dGluZ3MiOnsicG9zdF9pZCI6IjIyNyJ9fQ==@\u00a0\u00bb _dynamic_attributes=\u00a0\u00bbbutton_url\u00a0\u00bb sticky_enabled=\u00a0\u00bb0&Prime;][\/et_pb_button][\/et_pb_column][et_pb_column type=\u00a0\u00bb2_5&Prime; _builder_version=\u00a0\u00bb4.25.2&Prime; _module_preset=\u00a0\u00bbdefault\u00a0\u00bb global_colors_info=\u00a0\u00bb{}\u00a0\u00bb][et_pb_image src=\u00a0\u00bbhttps:\/\/immostudi.com\/wp-content\/uploads\/2024\/11\/santa-immostudi-3.jpeg\u00a0\u00bb title_text=\u00a0\u00bbsanta immostudi-3&Prime; _builder_version=\u00a0\u00bb4.27.3&Prime; _module_preset=\u00a0\u00bbdefault\u00a0\u00bb global_colors_info=\u00a0\u00bb{}\u00a0\u00bb][\/et_pb_image][\/et_pb_column][\/et_pb_row][et_pb_row column_structure=\u00a0\u00bb2_5,3_5&Prime; _builder_version=\u00a0\u00bb4.27.3&Prime; _module_preset=\u00a0\u00bb1558413a-cabc-43ae-aee1-915e11673859&Prime; global_colors_info=\u00a0\u00bb{}\u00a0\u00bb][et_pb_column type=\u00a0\u00bb2_5&Prime; _builder_version=\u00a0\u00bb4.25.2&Prime; _module_preset=\u00a0\u00bbdefault\u00a0\u00bb global_colors_info=\u00a0\u00bb{}\u00a0\u00bb][et_pb_image src=\u00a0\u00bbhttps:\/\/immostudi.com\/wp-content\/uploads\/2024\/11\/santa-immustudi-1.jpg\u00a0\u00bb title_text=\u00a0\u00bbsanta-immustudi-1&Prime; _builder_version=\u00a0\u00bb4.27.3&Prime; _module_preset=\u00a0\u00bbdefault\u00a0\u00bb global_colors_info=\u00a0\u00bb{}\u00a0\u00bb][\/et_pb_image][\/et_pb_column][et_pb_column type=\u00a0\u00bb3_5&Prime; _builder_version=\u00a0\u00bb4.25.2&Prime; _module_preset=\u00a0\u00bbdefault\u00a0\u00bb global_colors_info=\u00a0\u00bb{}\u00a0\u00bb][et_pb_heading title=\u00a0\u00bbServices sur la plage de Santa Margarita\u00a0\u00bb _builder_version=\u00a0\u00bb4.27.3&Prime; _module_preset=\u00a0\u00bb4eb153cd-eac9-4d3a-9bc5-a7e8c06029b6&Prime; custom_margin=\u00a0\u00bb||10px||false|false\u00a0\u00bb global_colors_info=\u00a0\u00bb{}\u00a0\u00bb][\/et_pb_heading][et_pb_text _builder_version=\u00a0\u00bb4.27.3&Prime; _module_preset=\u00a0\u00bbbdb43048-1d93-4e2d-9aec-4a1d8af54ddc\u00a0\u00bb global_colors_info=\u00a0\u00bb{}\u00a0\u00bb]<\/p>\n<p>La plage de Santa Margarita est parfaitement \u00e9quip\u00e9e pour garantir le confort et la s\u00e9curit\u00e9 de ses visiteurs.<br \/>\nParmi ses <strong>services exceptionnels<\/strong>, on peut citer <\/p>\n<ul>\n<li><strong>Surveillance des c\u00f4tes et des terres<\/strong>.<\/li>\n<li><strong>Douches, poubelles et toilettes<\/strong> r\u00e9parties le long de la plage.<\/li>\n<li><strong>Croix-Rouge<\/strong> et t\u00e9l\u00e9phones publics pour toute urgence.<\/li>\n<li><strong>Accessibilit\u00e9 pour les personnes \u00e0 mobilit\u00e9 r\u00e9duite<\/strong>, y compris les rampes d&rsquo;acc\u00e8s.<\/li>\n<li><strong>Restaurants<\/strong>, kiosques \u00e0 boissons et \u00e0 glaces.<\/li>\n<li>Location de <strong>chaises longues, de parasols, d&rsquo;auvents, de patins et de kayaks<\/strong>.<\/li>\n<li>Aires de <strong>jeux pour enfants<\/strong> et activit\u00e9s telles que le <strong>filet de volley-ball<\/strong>.<\/li>\n<li>Des \u00e9coles de <strong>planche \u00e0 voile<\/strong> et de <strong>plong\u00e9e<\/strong>, id\u00e9ales pour les plus aventureux.<\/li>\n<\/ul>\n<p>[\/et_pb_text][et_pb_button button_text=\u00a0\u00bbvoir tous les biens\u00a0\u00bb _builder_version=\u00a0\u00bb4.27.3&Prime; _module_preset=\u00a0\u00bb4ee62d4e-7779-49dc-a319-a6aaae07e4a8&Prime; hover_enabled=\u00a0\u00bb0&Prime; global_colors_info=\u00a0\u00bb{}\u00a0\u00bb button_url=\u00a0\u00bb@ET-DC@eyJkeW5hbWljIjp0cnVlLCJjb250ZW50IjoicG9zdF9saW5rX3VybF9wYWdlIiwic2V0dGluZ3MiOnsicG9zdF9pZCI6IjIyNyJ9fQ==@\u00a0\u00bb _dynamic_attributes=\u00a0\u00bbbutton_url\u00a0\u00bb sticky_enabled=\u00a0\u00bb0&Prime;][\/et_pb_button][\/et_pb_column][\/et_pb_row][et_pb_row _builder_version=\u00a0\u00bb4.27.3&Prime; _module_preset=\u00a0\u00bbdefault\u00a0\u00bb global_colors_info=\u00a0\u00bb{}\u00a0\u00bb][et_pb_column type=\u00a0\u00bb4_4&Prime; _builder_version=\u00a0\u00bb4.27.3&Prime; _module_preset=\u00a0\u00bbdefault\u00a0\u00bb global_colors_info=\u00a0\u00bb{}\u00a0\u00bb][et_pb_heading title=\u00a0\u00bbSanta Margarita : l&#039;\u00e9quilibre parfait entre plaisir et d\u00e9tente\u00a0\u00bb _builder_version=\u00a0\u00bb4.27.3&Prime; _module_preset=\u00a0\u00bb4eb153cd-eac9-4d3a-9bc5-a7e8c06029b6&Prime; custom_margin=\u00a0\u00bb||10px||false|false\u00a0\u00bb global_colors_info=\u00a0\u00bb{}\u00a0\u00bb][\/et_pb_heading][et_pb_text _builder_version=\u00a0\u00bb4.27.3&Prime; _module_preset=\u00a0\u00bbbdb43048-1d93-4e2d-9aec-4a1d8af54ddc\u00a0\u00bb global_colors_info=\u00a0\u00bb{}\u00a0\u00bb]<\/p>\n<p>Avec ses <strong>plages spectaculaires<\/strong>, sa large gamme de <strong>services<\/strong> et son port de plaisance privil\u00e9gi\u00e9, <strong>Santa Margarita<\/strong> s&rsquo;est impos\u00e9e comme une destination id\u00e9ale pour des vacances inoubliables.<br \/>\nQue vous souhaitiez vous d\u00e9tendre au soleil, pratiquer des activit\u00e9s nautiques ou d\u00e9couvrir une vie nocturne anim\u00e9e, tout le monde y trouvera son compte. <\/p>\n<p>[\/et_pb_text][\/et_pb_column][\/et_pb_row][et_pb_row _builder_version=\u00a0\u00bb4.27.3&Prime; _module_preset=\u00a0\u00bbdefault\u00a0\u00bb global_colors_info=\u00a0\u00bb{}\u00a0\u00bb][et_pb_column type=\u00a0\u00bb4_4&Prime; _builder_version=\u00a0\u00bb4.27.3&Prime; _module_preset=\u00a0\u00bbdefault\u00a0\u00bb global_colors_info=\u00a0\u00bb{}\u00a0\u00bb][et_pb_code _builder_version=\u00a0\u00bb4.27.3&Prime; _module_preset=\u00a0\u00bbdefault\u00a0\u00bb global_colors_info=\u00a0\u00bb{}\u00a0\u00bb]<iframe loading=\"lazy\" width=\"560\" height=\"315\" src=\"https:\/\/www.youtube.com\/embed\/zdoIpmPM2_o?si=CtpcuKa72nlXuNuq\" title=\"Lecteur vid\u00e9o YouTube\" frameborder=\"0\" allow=\"accelerometer; autoplay; clipboard-write; encrypted-media; gyroscope; picture-in-picture; web-share\" referrerpolicy=\"strict-origin-when-cross-origin\" allowfullscreen=\"\"><\/iframe>[\/et_pb_code][\/et_pb_column][\/et_pb_row][\/et_pb_section][et_pb_section fb_built=\u00a0\u00bb1&Prime; admin_label=\u00a0\u00bbCall To Action\u00a0\u00bb _builder_version=\u00a0\u00bb4.26.0&Prime; _module_preset=\u00a0\u00bbb4c851ce-d31f-4e82-b3fe-3f8f505f891a\u00a0\u00bb global_module=\u00a0\u00bb180&Prime; saved_tabs=\u00a0\u00bball\u00a0\u00bb locked=\u00a0\u00bboff\u00a0\u00bb global_colors_info=\u00a0\u00bb{%22gcid-b6c4f12c-f25d-4f61-9fb1-6e96404634cd%22:%91%22background_color%22%93}\u00a0\u00bb][et_pb_row _builder_version=\u00a0\u00bb4.26.0&Prime; _module_preset=\u00a0\u00bbdefault\u00a0\u00bb max_width=\u00a0\u00bb900px\u00a0\u00bb locked=\u00a0\u00bboff\u00a0\u00bb global_colors_info=\u00a0\u00bb{}\u00a0\u00bb][et_pb_column type=\u00a0\u00bb4_4&Prime; _builder_version=\u00a0\u00bb4.25.2&Prime; _module_preset=\u00a0\u00bbdefault\u00a0\u00bb global_colors_info=\u00a0\u00bb{}\u00a0\u00bb][et_pb_heading title=\u00a0\u00bbLaissez-nous nous occuper de tout pour que vous puissiez trouver la maison id\u00e9ale.\u00a0\u00bb _builder_version=\u00a0\u00bb4.27.3&Prime; _module_preset=\u00a0\u00bb4eb153cd-eac9-4d3a-9bc5-a7e8c06029b6&Prime; title_text_align=\u00a0\u00bbcenter\u00a0\u00bb title_font_size=\u00a0\u00bb45px\u00a0\u00bb max_width=\u00a0\u00bb900px\u00a0\u00bb module_alignment=\u00a0\u00bbcenter\u00a0\u00bb locked=\u00a0\u00bboff\u00a0\u00bb global_colors_info=\u00a0\u00bb{}\u00a0\u00bb][\/et_pb_heading][et_pb_text _builder_version=\u00a0\u00bb4.27.3&Prime; _module_preset=\u00a0\u00bbbdb43048-1d93-4e2d-9aec-4a1d8af54ddc\u00a0\u00bb custom_margin=\u00a0\u00bb||||false|false\u00a0\u00bb global_colors_info=\u00a0\u00bb{}\u00a0\u00bb]<\/p>\n<p>Notre \u00e9quipe d&rsquo;experts est l\u00e0 pour vous aider.<br \/>\nQue vous cherchiez \u00e0 acheter ou \u00e0 vendre, nous sommes \u00e0 votre disposition pour vous offrir un service personnalis\u00e9.<br \/>\nContactez-nous d\u00e8s aujourd&rsquo;hui et faites le premier pas vers votre nouvelle maison \u00e0 Empuriabrava !  <\/p>\n<p>[\/et_pb_text][et_pb_button button_url=\u00a0\u00bb@ET-DC@eyJkeW5hbWljIjp0cnVlLCJjb250ZW50IjoicG9zdF9saW5rX3VybF9wYWdlIiwic2V0dGluZ3MiOnsicG9zdF9pZCI6IjIxIn19@\u00a0\u00bb button_text=\u00a0\u00bbContactez-nous\u00a0\u00bb button_alignment=\u00a0\u00bbcenter\u00a0\u00bb _builder_version=\u00a0\u00bb4.27.3&Prime; _dynamic_attributes=\u00a0\u00bbbutton_url\u00a0\u00bb _module_preset=\u00a0\u00bb84dde62d-71b5-4131-9dda-f9d54e317594&Prime; locked=\u00a0\u00bboff\u00a0\u00bb global_colors_info=\u00a0\u00bb{}\u00a0\u00bb][\/et_pb_button][\/et_pb_column][\/et_pb_row][\/et_pb_section]<\/p>\n","protected":false},"excerpt":{"rendered":"<p>Santa Margarita s&rsquo;\u00e9tend de la plage de Salatar \u00e0 l&#8217;embouchure du port de plaisance r\u00e9sidentiel de Santa Margarida. Cette destination se distingue par sa longue et large plage d&rsquo;environ 650 m\u00e8tres de long, au sable fin et dor\u00e9 et aux eaux propres et peu profondes, id\u00e9ale pour toute la famille. La plage attire un grand [&hellip;]<\/p>\n","protected":false},"author":1,"featured_media":0,"parent":0,"menu_order":0,"comment_status":"closed","ping_status":"closed","template":"","meta":{"_et_pb_use_builder":"on","_et_pb_old_content":"","_et_gb_content_width":"","footnotes":""},"class_list":["post-529","page","type-page","status-publish","hentry"],"yoast_head":"<!-- This site is optimized with the Yoast SEO plugin v26.4 - https:\/\/yoast.com\/wordpress\/plugins\/seo\/ -->\n<title>Santa Margarita - Immostudi<\/title>\n<meta name=\"robots\" content=\"index, follow, max-snippet:-1, max-image-preview:large, max-video-preview:-1\" \/>\n<link rel=\"canonical\" href=\"https:\/\/immostudi.com\/fr\/santa-margarita\/\" \/>\n<meta property=\"og:locale\" content=\"fr_FR\" \/>\n<meta property=\"og:type\" content=\"article\" \/>\n<meta property=\"og:title\" content=\"Santa Margarita - Immostudi\" \/>\n<meta property=\"og:description\" content=\"Santa Margarita s&#039;\u00e9tend de la plage de Salatar \u00e0 l&#039;embouchure du port de plaisance r\u00e9sidentiel de Santa Margarida. Cette destination se distingue par sa longue et large plage d&#039;environ 650 m\u00e8tres de long, au sable fin et dor\u00e9 et aux eaux propres et peu profondes, id\u00e9ale pour toute la famille. La plage attire un grand [&hellip;]\" \/>\n<meta property=\"og:url\" content=\"https:\/\/immostudi.com\/fr\/santa-margarita\/\" \/>\n<meta property=\"og:site_name\" content=\"Immostudi\" \/>\n<meta property=\"article:modified_time\" content=\"2025-01-13T16:42:02+00:00\" \/>\n<meta name=\"twitter:card\" content=\"summary_large_image\" \/>\n<meta name=\"twitter:label1\" content=\"Dur\u00e9e de lecture estim\u00e9e\" \/>\n\t<meta name=\"twitter:data1\" content=\"6 minutes\" \/>\n<script type=\"application\/ld+json\" class=\"yoast-schema-graph\">{\"@context\":\"https:\/\/schema.org\",\"@graph\":[{\"@type\":\"WebPage\",\"@id\":\"https:\/\/immostudi.com\/fr\/santa-margarita\/\",\"url\":\"https:\/\/immostudi.com\/fr\/santa-margarita\/\",\"name\":\"Santa Margarita - Immostudi\",\"isPartOf\":{\"@id\":\"https:\/\/immostudi.com\/#website\"},\"datePublished\":\"2024-11-26T15:29:56+00:00\",\"dateModified\":\"2025-01-13T16:42:02+00:00\",\"breadcrumb\":{\"@id\":\"https:\/\/immostudi.com\/fr\/santa-margarita\/#breadcrumb\"},\"inLanguage\":\"fr-FR\",\"potentialAction\":[{\"@type\":\"ReadAction\",\"target\":[\"https:\/\/immostudi.com\/fr\/santa-margarita\/\"]}]},{\"@type\":\"BreadcrumbList\",\"@id\":\"https:\/\/immostudi.com\/fr\/santa-margarita\/#breadcrumb\",\"itemListElement\":[{\"@type\":\"ListItem\",\"position\":1,\"name\":\"Portada\",\"item\":\"https:\/\/immostudi.com\/\"},{\"@type\":\"ListItem\",\"position\":2,\"name\":\"Santa Margarita\"}]},{\"@type\":\"WebSite\",\"@id\":\"https:\/\/immostudi.com\/#website\",\"url\":\"https:\/\/immostudi.com\/\",\"name\":\"Immostudi\",\"description\":\"Tu hogar en la Costa Brava te espera\",\"publisher\":{\"@id\":\"https:\/\/immostudi.com\/#organization\"},\"potentialAction\":[{\"@type\":\"SearchAction\",\"target\":{\"@type\":\"EntryPoint\",\"urlTemplate\":\"https:\/\/immostudi.com\/?s={search_term_string}\"},\"query-input\":{\"@type\":\"PropertyValueSpecification\",\"valueRequired\":true,\"valueName\":\"search_term_string\"}}],\"inLanguage\":\"fr-FR\"},{\"@type\":\"Organization\",\"@id\":\"https:\/\/immostudi.com\/#organization\",\"name\":\"Immostudi\",\"url\":\"https:\/\/immostudi.com\/\",\"logo\":{\"@type\":\"ImageObject\",\"inLanguage\":\"fr-FR\",\"@id\":\"https:\/\/immostudi.com\/#\/schema\/logo\/image\/\",\"url\":\"https:\/\/immostudi.com\/wp-content\/uploads\/2024\/11\/logo_immostudi-2.png\",\"contentUrl\":\"https:\/\/immostudi.com\/wp-content\/uploads\/2024\/11\/logo_immostudi-2.png\",\"width\":1896,\"height\":714,\"caption\":\"Immostudi\"},\"image\":{\"@id\":\"https:\/\/immostudi.com\/#\/schema\/logo\/image\/\"},\"sameAs\":[\"https:\/\/www.instagram.com\/immostudi\/\"]}]}<\/script>\n<!-- \/ Yoast SEO plugin. -->","yoast_head_json":{"title":"Santa Margarita - Immostudi","robots":{"index":"index","follow":"follow","max-snippet":"max-snippet:-1","max-image-preview":"max-image-preview:large","max-video-preview":"max-video-preview:-1"},"canonical":"https:\/\/immostudi.com\/fr\/santa-margarita\/","og_locale":"fr_FR","og_type":"article","og_title":"Santa Margarita - Immostudi","og_description":"Santa Margarita s'\u00e9tend de la plage de Salatar \u00e0 l'embouchure du port de plaisance r\u00e9sidentiel de Santa Margarida. Cette destination se distingue par sa longue et large plage d'environ 650 m\u00e8tres de long, au sable fin et dor\u00e9 et aux eaux propres et peu profondes, id\u00e9ale pour toute la famille. La plage attire un grand [&hellip;]","og_url":"https:\/\/immostudi.com\/fr\/santa-margarita\/","og_site_name":"Immostudi","article_modified_time":"2025-01-13T16:42:02+00:00","twitter_card":"summary_large_image","twitter_misc":{"Dur\u00e9e de lecture estim\u00e9e":"6 minutes"},"schema":{"@context":"https:\/\/schema.org","@graph":[{"@type":"WebPage","@id":"https:\/\/immostudi.com\/fr\/santa-margarita\/","url":"https:\/\/immostudi.com\/fr\/santa-margarita\/","name":"Santa Margarita - Immostudi","isPartOf":{"@id":"https:\/\/immostudi.com\/#website"},"datePublished":"2024-11-26T15:29:56+00:00","dateModified":"2025-01-13T16:42:02+00:00","breadcrumb":{"@id":"https:\/\/immostudi.com\/fr\/santa-margarita\/#breadcrumb"},"inLanguage":"fr-FR","potentialAction":[{"@type":"ReadAction","target":["https:\/\/immostudi.com\/fr\/santa-margarita\/"]}]},{"@type":"BreadcrumbList","@id":"https:\/\/immostudi.com\/fr\/santa-margarita\/#breadcrumb","itemListElement":[{"@type":"ListItem","position":1,"name":"Portada","item":"https:\/\/immostudi.com\/"},{"@type":"ListItem","position":2,"name":"Santa Margarita"}]},{"@type":"WebSite","@id":"https:\/\/immostudi.com\/#website","url":"https:\/\/immostudi.com\/","name":"Immostudi","description":"Tu hogar en la Costa Brava te espera","publisher":{"@id":"https:\/\/immostudi.com\/#organization"},"potentialAction":[{"@type":"SearchAction","target":{"@type":"EntryPoint","urlTemplate":"https:\/\/immostudi.com\/?s={search_term_string}"},"query-input":{"@type":"PropertyValueSpecification","valueRequired":true,"valueName":"search_term_string"}}],"inLanguage":"fr-FR"},{"@type":"Organization","@id":"https:\/\/immostudi.com\/#organization","name":"Immostudi","url":"https:\/\/immostudi.com\/","logo":{"@type":"ImageObject","inLanguage":"fr-FR","@id":"https:\/\/immostudi.com\/#\/schema\/logo\/image\/","url":"https:\/\/immostudi.com\/wp-content\/uploads\/2024\/11\/logo_immostudi-2.png","contentUrl":"https:\/\/immostudi.com\/wp-content\/uploads\/2024\/11\/logo_immostudi-2.png","width":1896,"height":714,"caption":"Immostudi"},"image":{"@id":"https:\/\/immostudi.com\/#\/schema\/logo\/image\/"},"sameAs":["https:\/\/www.instagram.com\/immostudi\/"]}]}},"_links":{"self":[{"href":"https:\/\/immostudi.com\/fr\/wp-json\/wp\/v2\/pages\/529","targetHints":{"allow":["GET"]}}],"collection":[{"href":"https:\/\/immostudi.com\/fr\/wp-json\/wp\/v2\/pages"}],"about":[{"href":"https:\/\/immostudi.com\/fr\/wp-json\/wp\/v2\/types\/page"}],"author":[{"embeddable":true,"href":"https:\/\/immostudi.com\/fr\/wp-json\/wp\/v2\/users\/1"}],"replies":[{"embeddable":true,"href":"https:\/\/immostudi.com\/fr\/wp-json\/wp\/v2\/comments?post=529"}],"version-history":[{"count":3,"href":"https:\/\/immostudi.com\/fr\/wp-json\/wp\/v2\/pages\/529\/revisions"}],"predecessor-version":[{"id":753,"href":"https:\/\/immostudi.com\/fr\/wp-json\/wp\/v2\/pages\/529\/revisions\/753"}],"wp:attachment":[{"href":"https:\/\/immostudi.com\/fr\/wp-json\/wp\/v2\/media?parent=529"}],"curies":[{"name":"wp","href":"https:\/\/api.w.org\/{rel}","templated":true}]}}